{"id":102,"date":"2023-07-27T11:01:11","date_gmt":"2023-07-27T14:01:11","guid":{"rendered":"http:\/\/localhost:7823\/vigsaude\/?page_id=102"},"modified":"2023-11-13T10:35:18","modified_gmt":"2023-11-13T13:35:18","slug":"prestador","status":"publish","type":"page","link":"http:\/\/vigsaude.ensp.fiocruz.br\/index.php\/prestador\/","title":{"rendered":"Prestador"},"content":{"rendered":"\n<p>Essa op\u00e7\u00e3o se refere aos prestadores que estar\u00e3o realizando o atendimentos dos usu\u00e1rios. \u00c9 poss\u00edvel nessa op\u00e7\u00e3o pesquisar todos prestadores que est\u00e3o cadastrados no aplicativo.<\/p>\n\n\n<div class=\"wp-block-image\">\n<figure class=\"aligncenter size-large\"><img decoding=\"async\" src=\"https:\/\/tecnologiaemsaude.files.wordpress.com\/2021\/11\/prest.png?w=1024\" alt=\"\" class=\"wp-image-507\"\/><\/figure><\/div>\n\n\n<div style=\"height:55px\" aria-hidden=\"true\" class=\"wp-block-spacer\"><\/div>\n","protected":false},"excerpt":{"rendered":"<p>Essa op\u00e7\u00e3o se refere aos prestadores que estar\u00e3o realizando o atendimentos dos usu\u00e1rios. \u00c9 poss\u00edvel nessa op\u00e7\u00e3o pesquisar todos prestadores que est\u00e3o cadastrados no aplicativo.<\/p>\n","protected":false},"author":1,"featured_media":0,"parent":0,"menu_order":0,"comment_status":"closed","ping_status":"closed","template":"","meta":{"footnotes":""},"_links":{"self":[{"href":"http:\/\/vigsaude.ensp.fiocruz.br\/index.php\/wp-json\/wp\/v2\/pages\/102"}],"collection":[{"href":"http:\/\/vigsaude.ensp.fiocruz.br\/index.php\/wp-json\/wp\/v2\/pages"}],"about":[{"href":"http:\/\/vigsaude.ensp.fiocruz.br\/index.php\/wp-json\/wp\/v2\/types\/page"}],"author":[{"embeddable":true,"href":"http:\/\/vigsaude.ensp.fiocruz.br\/index.php\/wp-json\/wp\/v2\/users\/1"}],"replies":[{"embeddable":true,"href":"http:\/\/vigsaude.ensp.fiocruz.br\/index.php\/wp-json\/wp\/v2\/comments?post=102"}],"version-history":[{"count":1,"href":"http:\/\/vigsaude.ensp.fiocruz.br\/index.php\/wp-json\/wp\/v2\/pages\/102\/revisions"}],"predecessor-version":[{"id":523,"href":"http:\/\/vigsaude.ensp.fiocruz.br\/index.php\/wp-json\/wp\/v2\/pages\/102\/revisions\/523"}],"wp:attachment":[{"href":"http:\/\/vigsaude.ensp.fiocruz.br\/index.php\/wp-json\/wp\/v2\/media?parent=102"}],"curies":[{"name":"wp","href":"https:\/\/api.w.org\/{rel}","templated":true}]}}