{"id":107,"date":"2023-07-27T11:03:00","date_gmt":"2023-07-27T14:03:00","guid":{"rendered":"http:\/\/localhost:7823\/vigsaude\/?page_id=107"},"modified":"2023-11-13T10:56:53","modified_gmt":"2023-11-13T13:56:53","slug":"atendimento","status":"publish","type":"page","link":"http:\/\/vigsaude.ensp.fiocruz.br\/index.php\/atendimento\/","title":{"rendered":"Atendimento"},"content":{"rendered":"\t\t<div data-elementor-type=\"wp-page\" data-elementor-id=\"107\" class=\"elementor elementor-107\">\n\t\t\t\t\t\t\t\t\t<section class=\"elementor-section elementor-top-section elementor-element elementor-element-3648f624 elementor-section-boxed elementor-section-height-default elementor-section-height-default\" data-id=\"3648f624\" data-element_type=\"section\">\n\t\t\t\t\t\t<div class=\"elementor-container elementor-column-gap-default\">\n\t\t\t\t\t<div class=\"elementor-column elementor-col-100 elementor-top-column elementor-element elementor-element-75a930fc\" data-id=\"75a930fc\" data-element_type=\"column\">\n\t\t\t<div class=\"elementor-widget-wrap elementor-element-populated\">\n\t\t\t\t\t\t\t\t<div class=\"elementor-element elementor-element-52d773fe elementor-widget elementor-widget-text-editor\" data-id=\"52d773fe\" data-element_type=\"widget\" data-widget_type=\"text-editor.default\">\n\t\t\t\t<div class=\"elementor-widget-container\">\n\t\t\t<style>\/*! elementor - v3.14.0 - 26-06-2023 *\/\n.elementor-widget-text-editor.elementor-drop-cap-view-stacked .elementor-drop-cap{background-color:#69727d;color:#fff}.elementor-widget-text-editor.elementor-drop-cap-view-framed .elementor-drop-cap{color:#69727d;border:3px solid;background-color:transparent}.elementor-widget-text-editor:not(.elementor-drop-cap-view-default) .elementor-drop-cap{margin-top:8px}.elementor-widget-text-editor:not(.elementor-drop-cap-view-default) .elementor-drop-cap-letter{width:1em;height:1em}.elementor-widget-text-editor .elementor-drop-cap{float:left;text-align:center;line-height:1;font-size:50px}.elementor-widget-text-editor .elementor-drop-cap-letter{display:inline-block}<\/style>\t\t\t\t<!-- wp:paragraph -->\n<p style=\"text-align: justify\">O atendimento torna poss\u00edvel a realiza\u00e7\u00e3o de todos os tipos de atendimentos que s\u00e3o realizados nos hospitais e cl\u00ednicas, facilitando o acesso a infroma\u00e7\u00e3o por parte dos usu\u00e1rios e tornando o dia-a-dia do profissional de sa\u00fade mais pr\u00e1tico mediante os atendimentos realizados. Lembrando que nessa op\u00e7\u00e3o pode-se utilizar de duas op\u00e7\u00f5es para a realiza\u00e7\u00e3o dos atendimentos que s\u00e3o elas:<\/p>\n<!-- \/wp:paragraph -->\n\n<!-- wp:paragraph -->\n<p style=\"text-align: justify\">1 &#8211; Utilizar o campo texto, para realiza\u00e7\u00e3o dos atendimentos (Ex: Laudo m\u00e9dico, atendimentos mais espec\u00edficos)<\/p>\n<!-- \/wp:paragraph -->\n\n<!-- wp:paragraph -->\n<p style=\"text-align: justify\">2 &#8211; Sele\u00e7\u00e3o de protocolo para atendimento &#8211; Selecionav\u00e9l para preeenchimento de perguntas relacionadas ao atendimento realizado<\/p>\n<!-- \/wp:paragraph -->\n\n<!-- wp:spacer {\"height\":\"40px\"} -->\n<div style=\"height: 40px;\" aria-hidden=\"true\" class=\"wp-block-spacer\"><\/div>\n<!-- \/wp:spacer -->\n\n<!-- wp:image {\"id\":515,\"sizeSlug\":\"large\",\"linkDestination\":\"none\"} -->\n<figure class=\"wp-block-image size-large\"><img decoding=\"async\" src=\"https:\/\/tecnologiaemsaude.files.wordpress.com\/2021\/11\/atend-normal.png?w=1024\" alt=\"\" class=\"wp-image-515\" \/><\/figure>\n<!-- \/wp:image -->\n\n<!-- wp:spacer {\"height\":\"55px\"} -->\n<div style=\"height: 55px;\" aria-hidden=\"true\" class=\"wp-block-spacer\"><\/div>\n<!-- \/wp:spacer -->\t\t\t\t\t\t<\/div>\n\t\t\t\t<\/div>\n\t\t\t\t\t<\/div>\n\t\t<\/div>\n\t\t\t\t\t\t\t<\/div>\n\t\t<\/section>\n\t\t\t\t\t\t\t<\/div>\n\t\t","protected":false},"excerpt":{"rendered":"<p>O atendimento torna poss\u00edvel a realiza\u00e7\u00e3o de todos os tipos de atendimentos que s\u00e3o realizados nos hospitais e cl\u00ednicas, facilitando o acesso a infroma\u00e7\u00e3o por parte dos usu\u00e1rios e tornando o dia-a-dia do profissional de sa\u00fade mais pr\u00e1tico mediante os atendimentos realizados. Lembrando que nessa op\u00e7\u00e3o pode-se utilizar de duas [&hellip;]<\/p>\n","protected":false},"author":1,"featured_media":0,"parent":0,"menu_order":0,"comment_status":"closed","ping_status":"closed","template":"","meta":{"footnotes":""},"_links":{"self":[{"href":"http:\/\/vigsaude.ensp.fiocruz.br\/index.php\/wp-json\/wp\/v2\/pages\/107"}],"collection":[{"href":"http:\/\/vigsaude.ensp.fiocruz.br\/index.php\/wp-json\/wp\/v2\/pages"}],"about":[{"href":"http:\/\/vigsaude.ensp.fiocruz.br\/index.php\/wp-json\/wp\/v2\/types\/page"}],"author":[{"embeddable":true,"href":"http:\/\/vigsaude.ensp.fiocruz.br\/index.php\/wp-json\/wp\/v2\/users\/1"}],"replies":[{"embeddable":true,"href":"http:\/\/vigsaude.ensp.fiocruz.br\/index.php\/wp-json\/wp\/v2\/comments?post=107"}],"version-history":[{"count":4,"href":"http:\/\/vigsaude.ensp.fiocruz.br\/index.php\/wp-json\/wp\/v2\/pages\/107\/revisions"}],"predecessor-version":[{"id":549,"href":"http:\/\/vigsaude.ensp.fiocruz.br\/index.php\/wp-json\/wp\/v2\/pages\/107\/revisions\/549"}],"wp:attachment":[{"href":"http:\/\/vigsaude.ensp.fiocruz.br\/index.php\/wp-json\/wp\/v2\/media?parent=107"}],"curies":[{"name":"wp","href":"https:\/\/api.w.org\/{rel}","templated":true}]}}