{"id":112,"date":"2023-07-27T11:04:43","date_gmt":"2023-07-27T14:04:43","guid":{"rendered":"http:\/\/localhost:7823\/vigsaude\/?page_id=112"},"modified":"2023-11-13T10:49:57","modified_gmt":"2023-11-13T13:49:57","slug":"agendamento","status":"publish","type":"page","link":"http:\/\/vigsaude.ensp.fiocruz.br\/index.php\/agendamento\/","title":{"rendered":"Agendamento"},"content":{"rendered":"\t\t<div data-elementor-type=\"wp-page\" data-elementor-id=\"112\" class=\"elementor elementor-112\">\n\t\t\t\t\t\t\t\t\t<section class=\"elementor-section elementor-top-section elementor-element elementor-element-529e0dc9 elementor-section-boxed elementor-section-height-default elementor-section-height-default\" data-id=\"529e0dc9\" data-element_type=\"section\">\n\t\t\t\t\t\t<div class=\"elementor-container elementor-column-gap-default\">\n\t\t\t\t\t<div class=\"elementor-column elementor-col-100 elementor-top-column elementor-element elementor-element-7fa6df47\" data-id=\"7fa6df47\" data-element_type=\"column\">\n\t\t\t<div class=\"elementor-widget-wrap elementor-element-populated\">\n\t\t\t\t\t\t\t\t<div class=\"elementor-element elementor-element-22162915 elementor-widget elementor-widget-text-editor\" data-id=\"22162915\" data-element_type=\"widget\" data-widget_type=\"text-editor.default\">\n\t\t\t\t<div class=\"elementor-widget-container\">\n\t\t\t<style>\/*! elementor - v3.14.0 - 26-06-2023 *\/\n.elementor-widget-text-editor.elementor-drop-cap-view-stacked .elementor-drop-cap{background-color:#69727d;color:#fff}.elementor-widget-text-editor.elementor-drop-cap-view-framed .elementor-drop-cap{color:#69727d;border:3px solid;background-color:transparent}.elementor-widget-text-editor:not(.elementor-drop-cap-view-default) .elementor-drop-cap{margin-top:8px}.elementor-widget-text-editor:not(.elementor-drop-cap-view-default) .elementor-drop-cap-letter{width:1em;height:1em}.elementor-widget-text-editor .elementor-drop-cap{float:left;text-align:center;line-height:1;font-size:50px}.elementor-widget-text-editor .elementor-drop-cap-letter{display:inline-block}<\/style>\t\t\t\t<!-- wp:paragraph -->\n<p style=\"text-align: justify;\">Na op\u00e7\u00e3o de &#8220;Agendamento&#8221; \u00e9 poss\u00edvel gerar e gerir todas as agendas previamente configuradas pelos profissionais de sa\u00fade, podendo conter agendas de um per\u00edodo at\u00e9 outro, com agendamentos, confirma\u00e7\u00f5es de agendas, atendimentos e cancelamentos de agendas que est\u00e3o dispon\u00edveis para utiliza\u00e7\u00e3o.<\/p>\n<!-- \/wp:paragraph --><!-- wp:image {\"id\":517,\"sizeSlug\":\"large\",\"linkDestination\":\"none\"} -->\n<figure class=\"wp-block-image size-large\"><img decoding=\"async\" src=\"https:\/\/tecnologiaemsaude.files.wordpress.com\/2021\/11\/agend-normal.png?w=1024\" alt=\"\" class=\"wp-image-517\" \/><\/figure>\n<!-- \/wp:image --><!-- wp:spacer {\"height\":\"55px\"} -->\n<div style=\"height: 55px;\" aria-hidden=\"true\" class=\"wp-block-spacer\"><\/div>\n<!-- \/wp:spacer -->\t\t\t\t\t\t<\/div>\n\t\t\t\t<\/div>\n\t\t\t\t\t<\/div>\n\t\t<\/div>\n\t\t\t\t\t\t\t<\/div>\n\t\t<\/section>\n\t\t\t\t\t\t\t<\/div>\n\t\t","protected":false},"excerpt":{"rendered":"<p>Na op\u00e7\u00e3o de &#8220;Agendamento&#8221; \u00e9 poss\u00edvel gerar e gerir todas as agendas previamente configuradas pelos profissionais de sa\u00fade, podendo conter agendas de um per\u00edodo at\u00e9 outro, com agendamentos, confirma\u00e7\u00f5es de agendas, atendimentos e cancelamentos de agendas que est\u00e3o dispon\u00edveis para utiliza\u00e7\u00e3o.<\/p>\n","protected":false},"author":1,"featured_media":0,"parent":0,"menu_order":0,"comment_status":"closed","ping_status":"closed","template":"","meta":{"footnotes":""},"_links":{"self":[{"href":"http:\/\/vigsaude.ensp.fiocruz.br\/index.php\/wp-json\/wp\/v2\/pages\/112"}],"collection":[{"href":"http:\/\/vigsaude.ensp.fiocruz.br\/index.php\/wp-json\/wp\/v2\/pages"}],"about":[{"href":"http:\/\/vigsaude.ensp.fiocruz.br\/index.php\/wp-json\/wp\/v2\/types\/page"}],"author":[{"embeddable":true,"href":"http:\/\/vigsaude.ensp.fiocruz.br\/index.php\/wp-json\/wp\/v2\/users\/1"}],"replies":[{"embeddable":true,"href":"http:\/\/vigsaude.ensp.fiocruz.br\/index.php\/wp-json\/wp\/v2\/comments?post=112"}],"version-history":[{"count":7,"href":"http:\/\/vigsaude.ensp.fiocruz.br\/index.php\/wp-json\/wp\/v2\/pages\/112\/revisions"}],"predecessor-version":[{"id":540,"href":"http:\/\/vigsaude.ensp.fiocruz.br\/index.php\/wp-json\/wp\/v2\/pages\/112\/revisions\/540"}],"wp:attachment":[{"href":"http:\/\/vigsaude.ensp.fiocruz.br\/index.php\/wp-json\/wp\/v2\/media?parent=112"}],"curies":[{"name":"wp","href":"https:\/\/api.w.org\/{rel}","templated":true}]}}