{"id":122,"date":"2023-07-27T11:09:48","date_gmt":"2023-07-27T14:09:48","guid":{"rendered":"http:\/\/localhost:7823\/vigsaude\/?page_id=122"},"modified":"2023-11-13T11:05:08","modified_gmt":"2023-11-13T14:05:08","slug":"projeto","status":"publish","type":"page","link":"http:\/\/vigsaude.ensp.fiocruz.br\/index.php\/projeto\/","title":{"rendered":"Projeto"},"content":{"rendered":"\t\t<div data-elementor-type=\"wp-page\" data-elementor-id=\"122\" class=\"elementor elementor-122\">\n\t\t\t\t\t\t\t\t\t<section class=\"elementor-section elementor-top-section elementor-element elementor-element-da01b1e elementor-section-boxed elementor-section-height-default elementor-section-height-default\" data-id=\"da01b1e\" data-element_type=\"section\">\n\t\t\t\t\t\t<div class=\"elementor-container elementor-column-gap-default\">\n\t\t\t\t\t<div class=\"elementor-column elementor-col-100 elementor-top-column elementor-element elementor-element-5bd5f94\" data-id=\"5bd5f94\" data-element_type=\"column\">\n\t\t\t<div class=\"elementor-widget-wrap elementor-element-populated\">\n\t\t\t\t\t\t\t\t<div class=\"elementor-element elementor-element-9816f9a elementor-widget elementor-widget-text-editor\" data-id=\"9816f9a\" data-element_type=\"widget\" data-widget_type=\"text-editor.default\">\n\t\t\t\t<div class=\"elementor-widget-container\">\n\t\t\t<style>\/*! elementor - v3.14.0 - 26-06-2023 *\/\n.elementor-widget-text-editor.elementor-drop-cap-view-stacked .elementor-drop-cap{background-color:#69727d;color:#fff}.elementor-widget-text-editor.elementor-drop-cap-view-framed .elementor-drop-cap{color:#69727d;border:3px solid;background-color:transparent}.elementor-widget-text-editor:not(.elementor-drop-cap-view-default) .elementor-drop-cap{margin-top:8px}.elementor-widget-text-editor:not(.elementor-drop-cap-view-default) .elementor-drop-cap-letter{width:1em;height:1em}.elementor-widget-text-editor .elementor-drop-cap{float:left;text-align:center;line-height:1;font-size:50px}.elementor-widget-text-editor .elementor-drop-cap-letter{display:inline-block}<\/style>\t\t\t\t<!-- wp:image {\"align\":\"center\",\"id\":1583,\"sizeSlug\":\"full\",\"linkDestination\":\"none\"} -->\n<figure class=\"wp-block-image aligncenter size-full\"><img decoding=\"async\" src=\"http:\/\/localhost:7823\/wordpress\/wp-content\/uploads\/2023\/05\/image.png\" alt=\"\" class=\"wp-image-1583\"\/><\/figure>\n<!-- \/wp:image -->\n\n<!-- wp:spacer {\"height\":\"30px\"} -->\n<div style=\"height:30px\" aria-hidden=\"true\" class=\"wp-block-spacer\"><\/div>\n<!-- \/wp:spacer -->\n\n<!-- wp:paragraph -->\n<p>O projeto Meu InfoSa\u00fade 2.0 \u2013 Covid 19, foi um dos 93 projetos selecionados no&nbsp;<strong>Edital Covid 19 \u2013 Inova Gera\u00e7\u00e3o de conhecimento da Funda\u00e7\u00e3o Oswaldo Cruz&nbsp;<\/strong>(Fiocruz). O projeto tem como objetivo o desenvolvimento de melhorias no aplicativo Meu InfoSa\u00fade e a sua adequa\u00e7\u00e3o para a utiliza\u00e7\u00e3o no enfrentamento a pandemia do COVID-19. O Meu InfoSa\u00fade 2.0 Covid-19 tem como p\u00fablico-alvo usu\u00e1rios e profissionais do Centro de Sa\u00fade Germano Sinval de Faria (ENSP\/Fiocruz), da Cl\u00ednica Victor Valla e da Estrat\u00e9gia Sa\u00fade da Fam\u00edlia de Manguinhos. Ele constar\u00e1 com informa\u00e7\u00f5es sobre a transmiss\u00e3o, sintomas, tratamento e preven\u00e7\u00e3o da doen\u00e7a. Atrav\u00e9s do contato direto com a popula\u00e7\u00e3o e a media\u00e7\u00e3o de profissionais de sa\u00fade o aplicativo vai possibilitar a promo\u00e7\u00e3o da sa\u00fade, a aten\u00e7\u00e3o prim\u00e1ria e vigil\u00e2ncia e o monitoramento relacionado com a Covid-19.<\/p>\n<!-- \/wp:paragraph -->\n\n<!-- wp:paragraph -->\n<p><strong>1\u00aa Etapa<\/strong>&nbsp;\u2013&nbsp;<strong>Preven\u00e7\u00e3o<\/strong><\/p>\n<!-- \/wp:paragraph -->\n\n<!-- wp:paragraph -->\n<p>Utilizando o cadastro j\u00e1 existente dos pacientes do posto de sa\u00fade, ser\u00e1 realizada uma carga de dados inicial na base de dados do Meu InfoSa\u00fade 2.0 Covid-19 &nbsp;que passar\u00e1 a enviar mensagens para os moradores atrav\u00e9s do aplicativo WhatsApp. As mensagens tem por objetivo prevenir a doen\u00e7a, evitar a contamina\u00e7\u00e3o e encaminhar poss\u00edveis casos para tratamento.<\/p>\n<!-- \/wp:paragraph -->\n\n<!-- wp:paragraph -->\n<p>Estas mensagens e suas respostas, armazenadas na base de dados do aplicativo, ser\u00e3o ent\u00e3o monitoradas pelos profissionais de sa\u00fade. Estas informa\u00e7\u00f5es ser\u00e3o utilizadas para saber a situa\u00e7\u00e3o da pandemia na regi\u00e3o, permitindo fazer o contato com os pacientes e realizar os encaminhamentos necess\u00e1rios.<\/p>\n<!-- \/wp:paragraph -->\n\n<!-- wp:paragraph -->\n<p><strong>2\u00aa Etapa<\/strong>&nbsp;\u2013&nbsp;<strong>Atendimento<\/strong><\/p>\n<!-- \/wp:paragraph -->\n\n<!-- wp:paragraph -->\n<p>O Meu InfoSa\u00fade 2.0 Covid-19 ir\u00e1 possibilitar a\u00e7\u00f5es de aten\u00e7\u00e3o prim\u00e1ria e vigil\u00e2ncia em sa\u00fade referente aos casos da COVID-19. Auxiliando na preven\u00e7\u00e3o e na coleta de dados estat\u00edsticos da situa\u00e7\u00e3o da doen\u00e7a, permitindo tomada de decis\u00f5es para o controle do surto local. A Cl\u00ednica de Manguinhos e o SUS poder\u00e3o ter um poderoso aliado tecnol\u00f3gico para a sua atua\u00e7\u00e3o no territ\u00f3rio, bem como, uma significativa melhoria na gest\u00e3o da sa\u00fade na regi\u00e3o.<\/p>\n<!-- \/wp:paragraph -->\n\n<!-- wp:paragraph -->\n<p>As informa\u00e7\u00f5es pessoais do paciente como nome, telefone e endere\u00e7o do paciente ser\u00e3o coletadas pelo aplicativo permitindo que os profissionais de sa\u00fade possam fazer contato com o paciente e orientar sobre os procedimentos que devem ser seguidos, bem como, avaliar a necessidade de realiza\u00e7\u00e3o de testes para a confirma\u00e7\u00e3o da COVID-19.<\/p>\n<!-- \/wp:paragraph -->\n\n<!-- wp:paragraph -->\n<p><strong>3\u00aa Etapa<\/strong>&nbsp;\u2013&nbsp;<strong>Monitoramento<\/strong><\/p>\n<!-- \/wp:paragraph -->\n\n<!-- wp:paragraph -->\n<p>O Meu InfoSa\u00fade 2.0 Covid-19 ir\u00e1 possibilitar tamb\u00e9m o teleatendimento do paciente e a integra\u00e7\u00e3o ao E-SUS. O E-SUS (Prontu\u00e1rio Eletr\u00f4nico do SUS) \u00e9 o sistema de prontu\u00e1rio do Sistema \u00danico de Sa\u00fade que \u00e9 utilizado no posto de sa\u00fade de Manguinhos. A atualiza\u00e7\u00e3o dos dados do E-SUS ser\u00e1 realizada por interm\u00e9dio de uma rotina de carga di\u00e1ria. Evitando o retrabalho na digita\u00e7\u00e3o no prontu\u00e1rio do paciente e mantendo as informa\u00e7\u00f5es atualizadas no prontu\u00e1rio eletr\u00f4nico do SUS.<\/p>\n<!-- \/wp:paragraph -->\n\n<!-- wp:paragraph -->\n<p>O aplicativo complementa o sistema de prontu\u00e1rio eletr\u00f4nico do SUS, atrav\u00e9s de uma ferramenta de comunica\u00e7\u00e3o e informa\u00e7\u00e3o e permitindo o Teleatendimento dos pacientes. Apesar de ser utilizado no momento para a pandemia de COVID-19, o aplicativo ser\u00e1 parametrizado para que seja utilizado para outras pandemias, doen\u00e7as e campanhas do posto de sa\u00fade futuramente. Esta parametriza\u00e7\u00e3o ser\u00e1 realizada atrav\u00e9s da configura\u00e7\u00e3o do banco de dados, permitindo que os gestores de sa\u00fade possam reconfigurar a aplica\u00e7\u00e3o de acordo com a sua necessidade.<\/p>\n<!-- \/wp:paragraph -->\n\n<!-- wp:paragraph -->\n<p><\/p>\n<!-- \/wp:paragraph -->\t\t\t\t\t\t<\/div>\n\t\t\t\t<\/div>\n\t\t\t\t\t<\/div>\n\t\t<\/div>\n\t\t\t\t\t\t\t<\/div>\n\t\t<\/section>\n\t\t\t\t<section class=\"elementor-section elementor-top-section elementor-element elementor-element-7e903fb elementor-section-boxed elementor-section-height-default elementor-section-height-default\" data-id=\"7e903fb\" data-element_type=\"section\">\n\t\t\t\t\t\t<div class=\"elementor-container elementor-column-gap-default\">\n\t\t\t\t\t<div class=\"elementor-column elementor-col-100 elementor-top-column elementor-element elementor-element-85fb30e\" data-id=\"85fb30e\" data-element_type=\"column\">\n\t\t\t<div class=\"elementor-widget-wrap elementor-element-populated\">\n\t\t\t\t\t\t\t\t<div class=\"elementor-element elementor-element-3d19f82 elementor-widget elementor-widget-spacer\" data-id=\"3d19f82\" data-element_type=\"widget\" data-widget_type=\"spacer.default\">\n\t\t\t\t<div class=\"elementor-widget-container\">\n\t\t\t<style>\/*! elementor - v3.14.0 - 26-06-2023 *\/\n.elementor-column .elementor-spacer-inner{height:var(--spacer-size)}.e-con{--container-widget-width:100%}.e-con-inner>.elementor-widget-spacer,.e-con>.elementor-widget-spacer{width:var(--container-widget-width,var(--spacer-size));--align-self:var(--container-widget-align-self,initial);--flex-shrink:0}.e-con-inner>.elementor-widget-spacer>.elementor-widget-container,.e-con-inner>.elementor-widget-spacer>.elementor-widget-container>.elementor-spacer,.e-con>.elementor-widget-spacer>.elementor-widget-container,.e-con>.elementor-widget-spacer>.elementor-widget-container>.elementor-spacer{height:100%}.e-con-inner>.elementor-widget-spacer>.elementor-widget-container>.elementor-spacer>.elementor-spacer-inner,.e-con>.elementor-widget-spacer>.elementor-widget-container>.elementor-spacer>.elementor-spacer-inner{height:var(--container-widget-height,var(--spacer-size))}<\/style>\t\t<div class=\"elementor-spacer\">\n\t\t\t<div class=\"elementor-spacer-inner\"><\/div>\n\t\t<\/div>\n\t\t\t\t<\/div>\n\t\t\t\t<\/div>\n\t\t\t\t\t<\/div>\n\t\t<\/div>\n\t\t\t\t\t\t\t<\/div>\n\t\t<\/section>\n\t\t\t\t\t\t\t<\/div>\n\t\t","protected":false},"excerpt":{"rendered":"<p>O projeto Meu InfoSa\u00fade 2.0 \u2013 Covid 19, foi um dos 93 projetos selecionados no&nbsp;Edital Covid 19 \u2013 Inova Gera\u00e7\u00e3o de conhecimento da Funda\u00e7\u00e3o Oswaldo Cruz&nbsp;(Fiocruz). O projeto tem como objetivo o desenvolvimento de melhorias no aplicativo Meu InfoSa\u00fade e a sua adequa\u00e7\u00e3o para a utiliza\u00e7\u00e3o no enfrentamento a pandemia [&hellip;]<\/p>\n","protected":false},"author":1,"featured_media":0,"parent":0,"menu_order":0,"comment_status":"closed","ping_status":"closed","template":"page-templates\/template-pagebuilder-full-width.php","meta":{"footnotes":""},"_links":{"self":[{"href":"http:\/\/vigsaude.ensp.fiocruz.br\/index.php\/wp-json\/wp\/v2\/pages\/122"}],"collection":[{"href":"http:\/\/vigsaude.ensp.fiocruz.br\/index.php\/wp-json\/wp\/v2\/pages"}],"about":[{"href":"http:\/\/vigsaude.ensp.fiocruz.br\/index.php\/wp-json\/wp\/v2\/types\/page"}],"author":[{"embeddable":true,"href":"http:\/\/vigsaude.ensp.fiocruz.br\/index.php\/wp-json\/wp\/v2\/users\/1"}],"replies":[{"embeddable":true,"href":"http:\/\/vigsaude.ensp.fiocruz.br\/index.php\/wp-json\/wp\/v2\/comments?post=122"}],"version-history":[{"count":12,"href":"http:\/\/vigsaude.ensp.fiocruz.br\/index.php\/wp-json\/wp\/v2\/pages\/122\/revisions"}],"predecessor-version":[{"id":572,"href":"http:\/\/vigsaude.ensp.fiocruz.br\/index.php\/wp-json\/wp\/v2\/pages\/122\/revisions\/572"}],"wp:attachment":[{"href":"http:\/\/vigsaude.ensp.fiocruz.br\/index.php\/wp-json\/wp\/v2\/media?parent=122"}],"curies":[{"name":"wp","href":"https:\/\/api.w.org\/{rel}","templated":true}]}}