{"id":150,"date":"2023-07-27T11:24:34","date_gmt":"2023-07-27T14:24:34","guid":{"rendered":"http:\/\/localhost:7823\/vigsaude\/?page_id=150"},"modified":"2023-11-13T11:17:19","modified_gmt":"2023-11-13T14:17:19","slug":"inova-labs","status":"publish","type":"page","link":"http:\/\/vigsaude.ensp.fiocruz.br\/index.php\/inova-labs\/","title":{"rendered":"Inova Labs"},"content":{"rendered":"\n<figure class=\"wp-block-image\"><img decoding=\"async\" src=\"https:\/\/infosaude2covid.files.wordpress.com\/2021\/08\/inova.jpg?w=1024\" alt=\"\"\/><\/figure>\n\n\n\n<div style=\"height:20px\" aria-hidden=\"true\" class=\"wp-block-spacer\"><\/div>\n\n\n\n<p>Veja mais sobre a participa\u00e7\u00e3o da equipe do aplicativo do InfoSa\u00fade no \u201cPrograma INOVA LABS FIOCRUZ\u201d em:&nbsp;<a rel=\"noreferrer noopener\" href=\"https:\/\/portal.fiocruz.br\/noticia\/programa-inova-labs-realiza-abertura-da-rodada-3-com-18-equipes\" target=\"_blank\">https:\/\/portal.fiocruz.br\/noticia\/programa-inova-labs-realiza-abertura-da-rodada-3-com-18-equipes<\/a><\/p>\n\n\n\n<div style=\"height:55px\" aria-hidden=\"true\" class=\"wp-block-spacer\"><\/div>\n","protected":false},"excerpt":{"rendered":"<p>Veja mais sobre a participa\u00e7\u00e3o da equipe do aplicativo do InfoSa\u00fade no \u201cPrograma INOVA LABS FIOCRUZ\u201d em:&nbsp;https:\/\/portal.fiocruz.br\/noticia\/programa-inova-labs-realiza-abertura-da-rodada-3-com-18-equipes<\/p>\n","protected":false},"author":1,"featured_media":0,"parent":0,"menu_order":0,"comment_status":"closed","ping_status":"closed","template":"","meta":{"footnotes":""},"_links":{"self":[{"href":"http:\/\/vigsaude.ensp.fiocruz.br\/index.php\/wp-json\/wp\/v2\/pages\/150"}],"collection":[{"href":"http:\/\/vigsaude.ensp.fiocruz.br\/index.php\/wp-json\/wp\/v2\/pages"}],"about":[{"href":"http:\/\/vigsaude.ensp.fiocruz.br\/index.php\/wp-json\/wp\/v2\/types\/page"}],"author":[{"embeddable":true,"href":"http:\/\/vigsaude.ensp.fiocruz.br\/index.php\/wp-json\/wp\/v2\/users\/1"}],"replies":[{"embeddable":true,"href":"http:\/\/vigsaude.ensp.fiocruz.br\/index.php\/wp-json\/wp\/v2\/comments?post=150"}],"version-history":[{"count":1,"href":"http:\/\/vigsaude.ensp.fiocruz.br\/index.php\/wp-json\/wp\/v2\/pages\/150\/revisions"}],"predecessor-version":[{"id":582,"href":"http:\/\/vigsaude.ensp.fiocruz.br\/index.php\/wp-json\/wp\/v2\/pages\/150\/revisions\/582"}],"wp:attachment":[{"href":"http:\/\/vigsaude.ensp.fiocruz.br\/index.php\/wp-json\/wp\/v2\/media?parent=150"}],"curies":[{"name":"wp","href":"https:\/\/api.w.org\/{rel}","templated":true}]}}