{"id":284,"date":"2023-08-07T11:00:53","date_gmt":"2023-08-07T14:00:53","guid":{"rendered":"http:\/\/localhost:7823\/vigsaude\/?page_id=284"},"modified":"2023-11-06T10:58:30","modified_gmt":"2023-11-06T13:58:30","slug":"equipe","status":"publish","type":"page","link":"http:\/\/vigsaude.ensp.fiocruz.br\/index.php\/equipe\/","title":{"rendered":"Equipe"},"content":{"rendered":"\t\t<div data-elementor-type=\"wp-page\" data-elementor-id=\"284\" class=\"elementor elementor-284\">\n\t\t\t\t\t\t\t\t\t<section class=\"elementor-section elementor-top-section elementor-element elementor-element-74868113 elementor-section-boxed elementor-section-height-default elementor-section-height-default\" data-id=\"74868113\" data-element_type=\"section\">\n\t\t\t\t\t\t<div class=\"elementor-container elementor-column-gap-default\">\n\t\t\t\t\t<div class=\"elementor-column elementor-col-100 elementor-top-column elementor-element elementor-element-2f7fc283\" data-id=\"2f7fc283\" data-element_type=\"column\">\n\t\t\t<div class=\"elementor-widget-wrap elementor-element-populated\">\n\t\t\t\t\t\t\t\t<div class=\"elementor-element elementor-element-6961fb99 elementor-widget__width-initial elementor-widget elementor-widget-text-editor\" data-id=\"6961fb99\" data-element_type=\"widget\" data-widget_type=\"text-editor.default\">\n\t\t\t\t<div class=\"elementor-widget-container\">\n\t\t\t<style>\/*! elementor - v3.14.0 - 26-06-2023 *\/\n.elementor-widget-text-editor.elementor-drop-cap-view-stacked .elementor-drop-cap{background-color:#69727d;color:#fff}.elementor-widget-text-editor.elementor-drop-cap-view-framed .elementor-drop-cap{color:#69727d;border:3px solid;background-color:transparent}.elementor-widget-text-editor:not(.elementor-drop-cap-view-default) .elementor-drop-cap{margin-top:8px}.elementor-widget-text-editor:not(.elementor-drop-cap-view-default) .elementor-drop-cap-letter{width:1em;height:1em}.elementor-widget-text-editor .elementor-drop-cap{float:left;text-align:center;line-height:1;font-size:50px}.elementor-widget-text-editor .elementor-drop-cap-letter{display:inline-block}<\/style>\t\t\t\t<p><!-- wp:html \/--><\/p>\n<p><!-- wp:html --><\/p>\n<section class=\"hestia-team \" id=\"team\" data-sorder=\"hestia_team\">\n<div class=\"container\">\n<div class=\"hestia-team-content\">\n<div class=\"row\">\n<div class=\"col-xs-12 col-ms-6 col-sm-6\">\n<div class=\"card card-profile card-plain\">\n<div class=\"col-md-5\">\n<div class=\"card-image\"><a href=\"http:\/\/lattes.cnpq.br\/7467280417733375\" target=\"_blank\" rel=\"noopener\"><img decoding=\"async\" class=\"img\" src=\"http:\/\/vigsaude.ensp.fiocruz.br\/wp-content\/uploads\/2023\/07\/Joaquim-1.jpeg\" title=\"Joaquim Teixeira Netto\" \/><\/a><\/div>\n<\/div>\n<div class=\"col-md-7\">\n<div class=\"content\">\n<p><a href=\"http:\/\/lattes.cnpq.br\/7467280417733375\" target=\"_blank\" rel=\"noopener\"><\/a><\/p>\n<h4 class=\"card-title\">Joaquim Teixeira Netto<\/h4>\n<h6 class=\"category text-muted\">Coordenador<\/h6>\n<p class=\"card-description\">Pesquisador e Prof. da Fiocruz , ENSP, Doutorado em Engenharia e especializa\u00e7\u00e3o em An\u00e1lise de Sistemas<\/p>\n<p><a href=\"http:\/\/lattes.cnpq.br\/7467280417733375\" target=\"_blank\" rel=\"noopener\"><\/a><\/p>\n<div class=\"footer\"><a href=\"http:\/\/joaquimtnetto@fiocruz.br\" target=\"_blank\" class=\"btn btn-just-icon btn-simple\" aria-label=\"\" rel=\"noopener\"><i class=\"fas fa-envelope\"><\/i><\/a><\/div>\n<\/div>\n<\/div>\n<\/div>\n<\/div>\n<div class=\"col-xs-12 col-ms-6 col-sm-6\">\n<div class=\"card card-profile card-plain\">\n<div class=\"col-md-5\">\n<div class=\"card-image\"><a href=\"http:\/\/lattes.cnpq.br\/5747648191840587\" target=\"_blank\" rel=\"noopener\"><img decoding=\"async\" class=\"img\" src=\"http:\/\/vigsaude.ensp.fiocruz.br\/wp-content\/uploads\/2023\/07\/Bruno-1.jpeg\" title=\"Bruno Nunes Pena de Souza\" \/><\/a><\/div>\n<\/div>\n<div class=\"col-md-7\">\n<div class=\"content\">\n<p><a href=\"http:\/\/lattes.cnpq.br\/5747648191840587\" target=\"_blank\" rel=\"noopener\"><\/a><\/p>\n<h4 class=\"card-title\">Bruno Nunes Pena de Souza<\/h4>\n<h6 class=\"category text-muted\">Colaborador\/bolsista<\/h6>\n<p class=\"card-description\">Forma\u00e7\u00e3o em Administra\u00e7\u00e3o de Empresas &#8211; UNISUAM<br \/>Gradua\u00e7\u00e3o em andamento de An\u00e1lise e desenvolvimento de sistemas<br \/>Est\u00e1gi\u00e1rio pelo IBREA<\/p>\n<p><a href=\"http:\/\/lattes.cnpq.br\/5747648191840587\" target=\"_blank\" rel=\"noopener\"><\/a><\/p>\n<div class=\"footer\"><a href=\"http:\/\/brunoknust@outlook.com\" target=\"_blank\" class=\"btn btn-just-icon btn-simple\" aria-label=\"\" rel=\"noopener\"><i class=\"fas fa-envelope\"><\/i><\/a><\/div>\n<\/div>\n<\/div>\n<\/div>\n<\/div>\n<div class=\"col-xs-12 col-ms-6 col-sm-6\">\n<div class=\"card card-profile card-plain\">\n<div class=\"col-md-5\">\n<div class=\"card-image\"><a href=\"http:\/\/lattes.cnpq.br\/3922267826574571\" target=\"_blank\" rel=\"noopener\"><img decoding=\"async\" class=\"img\" src=\"http:\/\/vigsaude.ensp.fiocruz.br\/wp-content\/uploads\/2023\/07\/Felipe-1.jpeg\" title=\"Fellipe Felix\" \/><\/a><\/div>\n<\/div>\n<div class=\"col-md-7\">\n<div class=\"content\">\n<p><a href=\"http:\/\/lattes.cnpq.br\/3922267826574571\" target=\"_blank\" rel=\"noopener\"><\/a><\/p>\n<h4 class=\"card-title\">Fellipe Felix<\/h4>\n<h6 class=\"category text-muted\">Colaborador\/bolsista<\/h6>\n<p class=\"card-description\">Graduando em Ci\u00eancias da Computa\u00e7\u00e3o.<\/p>\n<p><a href=\"http:\/\/lattes.cnpq.br\/3922267826574571\" target=\"_blank\" rel=\"noopener\"><\/a><\/p>\n<div class=\"footer\"><a href=\"http:\/\/2000fellipe@gmail.com\" target=\"_blank\" class=\"btn btn-just-icon btn-simple\" aria-label=\"\" rel=\"noopener\"><i class=\"fas fa-envelope\"><\/i><\/a><\/div>\n<\/div>\n<\/div>\n<\/div>\n<\/div>\n<div class=\"col-xs-12 col-ms-6 col-sm-6\">\n<div class=\"card card-profile card-plain\">\n<div class=\"col-md-5\">\n<div class=\"card-image\"><a href=\"http:\/\/lattes.cnpq.br\/0325534298376302\" target=\"_blank\" rel=\"noopener\"><img decoding=\"async\" class=\"img\" src=\"http:\/\/vigsaude.ensp.fiocruz.br\/wp-content\/uploads\/2023\/07\/Gabriel-2-1.jpeg\" title=\"Gabriel Lima de Azevedo Campos\" \/><\/a><\/div>\n<\/div>\n<div class=\"col-md-7\">\n<div class=\"content\">\n<p><a href=\"http:\/\/lattes.cnpq.br\/0325534298376302\" target=\"_blank\" rel=\"noopener\"><\/a><\/p>\n<h4 class=\"card-title\">Gabriel Lima de Azevedo Campos<\/h4>\n<h6 class=\"category text-muted\">COLABORADOR\/BOLSISTA<\/h6>\n<p class=\"card-description\">Graduando em An\u00e1lise e Desenvolvimento de Sistemas.<\/p>\n<p><a href=\"http:\/\/lattes.cnpq.br\/0325534298376302\" target=\"_blank\" rel=\"noopener\"><\/a><\/p>\n<div class=\"footer\"><a href=\"http:\/\/gabrideazevedo@gmail.com\" target=\"_blank\" class=\"btn btn-just-icon btn-simple\" aria-label=\"\" rel=\"noopener\"><i class=\"fas fa-envelope\"><\/i><\/a><\/div>\n<\/div>\n<\/div>\n<\/div>\n<\/div>\n<div class=\"col-xs-12 col-ms-6 col-sm-6\">\n<div class=\"card card-profile card-plain\">\n<div class=\"col-md-5\">\n<div class=\"card-image\"><a href=\"http:\/\/lattes.cnpq.br\/4129400729719115\" target=\"_blank\" rel=\"noopener\"><img decoding=\"async\" class=\"img\" src=\"http:\/\/vigsaude.ensp.fiocruz.br\/wp-content\/uploads\/2023\/07\/Joao-1.jpeg\" title=\"Joao Bosco de Carvalho\" \/><\/a><\/div>\n<\/div>\n<div class=\"col-md-7\">\n<div class=\"content\">\n<p><a href=\"http:\/\/lattes.cnpq.br\/4129400729719115\" target=\"_blank\" rel=\"noopener\"><\/a><\/p>\n<h4 class=\"card-title\">Joao Bosco de Carvalho<\/h4>\n<h6 class=\"category text-muted\">Colaborador\/bolsista<\/h6>\n<p class=\"card-description\">Extens\u00e3o em Desenvolvimento de Sistema<br \/>Graduado em Gerenciamento em Banco de Dados<br \/>P\u00f3s-Gradua\u00e7\u00e3o em Log\u00edstica<\/p>\n<p><a href=\"http:\/\/lattes.cnpq.br\/4129400729719115\" target=\"_blank\" rel=\"noopener\"><\/a><\/p>\n<div class=\"footer\"><a href=\"http:\/\/ianarellijb@gmail.com\" target=\"_blank\" class=\"btn btn-just-icon btn-simple\" aria-label=\"\" rel=\"noopener\"><i class=\"fas fa-envelope\"><\/i><\/a><\/div>\n<\/div>\n<\/div>\n<\/div>\n<\/div>\n<div class=\"col-xs-12 col-ms-6 col-sm-6\">\n<div class=\"card card-profile card-plain\">\n<div class=\"col-md-5\">\n<div class=\"card-image\"><a href=\"http:\/\/lattes.cnpq.br\/8149125680294182\" target=\"_blank\" rel=\"noopener\"><img decoding=\"async\" class=\"img\" src=\"http:\/\/vigsaude.ensp.fiocruz.br\/wp-content\/uploads\/2023\/07\/Marcelo3-1.jpeg\" title=\"Marcelo Alves Araujo Soares\" \/><\/a><\/div>\n<\/div>\n<div class=\"col-md-7\">\n<div class=\"content\">\n<p><a href=\"http:\/\/lattes.cnpq.br\/8149125680294182\" target=\"_blank\" rel=\"noopener\"><\/a><\/p>\n<h4 class=\"card-title\">Marcelo Alves Araujo Soares<\/h4>\n<h6 class=\"category text-muted\">Colaborador\/bolsista<\/h6>\n<p class=\"card-description\">Graduado em Ci\u00eancias Cont\u00e1beis \u2013 Unicarioca<br \/>Curso de Atualiza\u00e7\u00e3o em Analise de dados para o SUS \u2013 EPSJV<br \/>Power BI<\/p>\n<p><a href=\"http:\/\/lattes.cnpq.br\/8149125680294182\" target=\"_blank\" rel=\"noopener\"><\/a><\/p>\n<div class=\"footer\"><a href=\"http:\/\/marceloaasoares@gmail.com\" target=\"_blank\" class=\"btn btn-just-icon btn-simple\" aria-label=\"\" rel=\"noopener\"><i class=\"fas fa-envelope\"><\/i><\/a><\/div>\n<\/div>\n<\/div>\n<\/div>\n<\/div>\n<\/div>\n<\/div>\n<\/div>\n<\/section>\n<p><!-- \/wp:html --><\/p>\t\t\t\t\t\t<\/div>\n\t\t\t\t<\/div>\n\t\t\t\t\t<\/div>\n\t\t<\/div>\n\t\t\t\t\t\t\t<\/div>\n\t\t<\/section>\n\t\t\t\t\t\t\t<\/div>\n\t\t","protected":false},"excerpt":{"rendered":"<p>Joaquim Teixeira Netto Coordenador Pesquisador e Prof. da Fiocruz , ENSP, Doutorado em Engenharia e especializa\u00e7\u00e3o em An\u00e1lise de Sistemas Bruno Nunes Pena de Souza Colaborador\/bolsista Forma\u00e7\u00e3o em Administra\u00e7\u00e3o de Empresas &#8211; UNISUAMGradua\u00e7\u00e3o em andamento de An\u00e1lise e desenvolvimento de sistemasEst\u00e1gi\u00e1rio pelo IBREA Fellipe Felix Colaborador\/bolsista Graduando em Ci\u00eancias da [&hellip;]<\/p>\n","protected":false},"author":1,"featured_media":0,"parent":0,"menu_order":0,"comment_status":"closed","ping_status":"closed","template":"","meta":{"footnotes":""},"_links":{"self":[{"href":"http:\/\/vigsaude.ensp.fiocruz.br\/index.php\/wp-json\/wp\/v2\/pages\/284"}],"collection":[{"href":"http:\/\/vigsaude.ensp.fiocruz.br\/index.php\/wp-json\/wp\/v2\/pages"}],"about":[{"href":"http:\/\/vigsaude.ensp.fiocruz.br\/index.php\/wp-json\/wp\/v2\/types\/page"}],"author":[{"embeddable":true,"href":"http:\/\/vigsaude.ensp.fiocruz.br\/index.php\/wp-json\/wp\/v2\/users\/1"}],"replies":[{"embeddable":true,"href":"http:\/\/vigsaude.ensp.fiocruz.br\/index.php\/wp-json\/wp\/v2\/comments?post=284"}],"version-history":[{"count":18,"href":"http:\/\/vigsaude.ensp.fiocruz.br\/index.php\/wp-json\/wp\/v2\/pages\/284\/revisions"}],"predecessor-version":[{"id":443,"href":"http:\/\/vigsaude.ensp.fiocruz.br\/index.php\/wp-json\/wp\/v2\/pages\/284\/revisions\/443"}],"wp:attachment":[{"href":"http:\/\/vigsaude.ensp.fiocruz.br\/index.php\/wp-json\/wp\/v2\/media?parent=284"}],"curies":[{"name":"wp","href":"https:\/\/api.w.org\/{rel}","templated":true}]}}