{"id":38,"date":"2023-07-26T14:52:06","date_gmt":"2023-07-26T17:52:06","guid":{"rendered":"http:\/\/localhost:7823\/vigsaude\/?page_id=38"},"modified":"2023-11-06T11:08:42","modified_gmt":"2023-11-06T14:08:42","slug":"aplicativo","status":"publish","type":"page","link":"http:\/\/vigsaude.ensp.fiocruz.br\/index.php\/aplicativo\/","title":{"rendered":"Aplicativo"},"content":{"rendered":"\t\t<div data-elementor-type=\"wp-page\" data-elementor-id=\"38\" class=\"elementor elementor-38\">\n\t\t\t\t\t\t\t\t\t<section class=\"elementor-section elementor-top-section elementor-element elementor-element-0b038da elementor-section-boxed elementor-section-height-default elementor-section-height-default\" data-id=\"0b038da\" data-element_type=\"section\">\n\t\t\t\t\t\t<div class=\"elementor-container elementor-column-gap-default\">\n\t\t\t\t\t<div class=\"elementor-column elementor-col-100 elementor-top-column elementor-element elementor-element-637b2fa\" data-id=\"637b2fa\" data-element_type=\"column\">\n\t\t\t<div class=\"elementor-widget-wrap elementor-element-populated\">\n\t\t\t\t\t\t\t\t<div class=\"elementor-element elementor-element-4f76d6c elementor-widget elementor-widget-spacer\" data-id=\"4f76d6c\" data-element_type=\"widget\" data-widget_type=\"spacer.default\">\n\t\t\t\t<div class=\"elementor-widget-container\">\n\t\t\t<style>\/*! elementor - v3.14.0 - 26-06-2023 *\/\n.elementor-column .elementor-spacer-inner{height:var(--spacer-size)}.e-con{--container-widget-width:100%}.e-con-inner>.elementor-widget-spacer,.e-con>.elementor-widget-spacer{width:var(--container-widget-width,var(--spacer-size));--align-self:var(--container-widget-align-self,initial);--flex-shrink:0}.e-con-inner>.elementor-widget-spacer>.elementor-widget-container,.e-con-inner>.elementor-widget-spacer>.elementor-widget-container>.elementor-spacer,.e-con>.elementor-widget-spacer>.elementor-widget-container,.e-con>.elementor-widget-spacer>.elementor-widget-container>.elementor-spacer{height:100%}.e-con-inner>.elementor-widget-spacer>.elementor-widget-container>.elementor-spacer>.elementor-spacer-inner,.e-con>.elementor-widget-spacer>.elementor-widget-container>.elementor-spacer>.elementor-spacer-inner{height:var(--container-widget-height,var(--spacer-size))}<\/style>\t\t<div class=\"elementor-spacer\">\n\t\t\t<div class=\"elementor-spacer-inner\"><\/div>\n\t\t<\/div>\n\t\t\t\t<\/div>\n\t\t\t\t<\/div>\n\t\t\t\t<div class=\"elementor-element elementor-element-588d96f elementor-widget elementor-widget-heading\" data-id=\"588d96f\" data-element_type=\"widget\" data-widget_type=\"heading.default\">\n\t\t\t\t<div class=\"elementor-widget-container\">\n\t\t\t<style>\/*! elementor - v3.14.0 - 26-06-2023 *\/\n.elementor-heading-title{padding:0;margin:0;line-height:1}.elementor-widget-heading .elementor-heading-title[class*=elementor-size-]>a{color:inherit;font-size:inherit;line-height:inherit}.elementor-widget-heading .elementor-heading-title.elementor-size-small{font-size:15px}.elementor-widget-heading .elementor-heading-title.elementor-size-medium{font-size:19px}.elementor-widget-heading .elementor-heading-title.elementor-size-large{font-size:29px}.elementor-widget-heading .elementor-heading-title.elementor-size-xl{font-size:39px}.elementor-widget-heading .elementor-heading-title.elementor-size-xxl{font-size:59px}<\/style><h2 class=\"elementor-heading-title elementor-size-default\">Conhe\u00e7a o Aplicativo<\/h2>\t\t<\/div>\n\t\t\t\t<\/div>\n\t\t\t\t<div class=\"elementor-element elementor-element-dc7287a elementor-widget elementor-widget-spacer\" data-id=\"dc7287a\" data-element_type=\"widget\" data-widget_type=\"spacer.default\">\n\t\t\t\t<div class=\"elementor-widget-container\">\n\t\t\t\t\t<div class=\"elementor-spacer\">\n\t\t\t<div class=\"elementor-spacer-inner\"><\/div>\n\t\t<\/div>\n\t\t\t\t<\/div>\n\t\t\t\t<\/div>\n\t\t\t\t\t<\/div>\n\t\t<\/div>\n\t\t\t\t\t\t\t<\/div>\n\t\t<\/section>\n\t\t\t\t<section class=\"elementor-section elementor-top-section elementor-element elementor-element-0549b68 elementor-section-boxed elementor-section-height-default elementor-section-height-default\" data-id=\"0549b68\" data-element_type=\"section\">\n\t\t\t\t\t\t<div class=\"elementor-container elementor-column-gap-default\">\n\t\t\t\t\t<div class=\"elementor-column elementor-col-25 elementor-top-column elementor-element elementor-element-fc65f3a\" data-id=\"fc65f3a\" data-element_type=\"column\">\n\t\t\t<div class=\"elementor-widget-wrap elementor-element-populated\">\n\t\t\t\t\t\t\t\t<div class=\"elementor-element elementor-element-a9a5b8a elementor-widget__width-inherit elementor-position-top elementor-vertical-align-top elementor-widget elementor-widget-image-box\" data-id=\"a9a5b8a\" data-element_type=\"widget\" data-widget_type=\"image-box.default\">\n\t\t\t\t<div class=\"elementor-widget-container\">\n\t\t\t<style>\/*! elementor - v3.14.0 - 26-06-2023 *\/\n.elementor-widget-image-box .elementor-image-box-content{width:100%}@media (min-width:768px){.elementor-widget-image-box.elementor-position-left .elementor-image-box-wrapper,.elementor-widget-image-box.elementor-position-right .elementor-image-box-wrapper{display:flex}.elementor-widget-image-box.elementor-position-right .elementor-image-box-wrapper{text-align:right;flex-direction:row-reverse}.elementor-widget-image-box.elementor-position-left .elementor-image-box-wrapper{text-align:left;flex-direction:row}.elementor-widget-image-box.elementor-position-top .elementor-image-box-img{margin:auto}.elementor-widget-image-box.elementor-vertical-align-top .elementor-image-box-wrapper{align-items:flex-start}.elementor-widget-image-box.elementor-vertical-align-middle .elementor-image-box-wrapper{align-items:center}.elementor-widget-image-box.elementor-vertical-align-bottom .elementor-image-box-wrapper{align-items:flex-end}}@media (max-width:767px){.elementor-widget-image-box .elementor-image-box-img{margin-left:auto!important;margin-right:auto!important;margin-bottom:15px}}.elementor-widget-image-box .elementor-image-box-img{display:inline-block}.elementor-widget-image-box .elementor-image-box-title a{color:inherit}.elementor-widget-image-box .elementor-image-box-wrapper{text-align:center}.elementor-widget-image-box .elementor-image-box-description{margin:0}<\/style><div class=\"elementor-image-box-wrapper\"><figure class=\"elementor-image-box-img\"><a href=\"http:\/\/vigsaude.ensp.fiocruz.br\/index.php\/lista-projetos\/\"><img decoding=\"async\" loading=\"lazy\" width=\"1080\" height=\"720\" src=\"http:\/\/vigsaude.ensp.fiocruz.br\/wp-content\/uploads\/2023\/08\/infraestruturadeti02.png\" class=\"elementor-animation-grow attachment-full size-full wp-image-364\" alt=\"\" \/><\/a><\/figure><div class=\"elementor-image-box-content\"><h4 class=\"elementor-image-box-title\"><a href=\"http:\/\/vigsaude.ensp.fiocruz.br\/index.php\/lista-projetos\/\">Sobre o projeto<\/a><\/h4><\/div><\/div>\t\t<\/div>\n\t\t\t\t<\/div>\n\t\t\t\t\t<\/div>\n\t\t<\/div>\n\t\t\t\t<div class=\"elementor-column elementor-col-25 elementor-top-column elementor-element elementor-element-fb05b35\" data-id=\"fb05b35\" data-element_type=\"column\">\n\t\t\t<div class=\"elementor-widget-wrap elementor-element-populated\">\n\t\t\t\t\t\t\t\t<div class=\"elementor-element elementor-element-bf3523d elementor-widget__width-inherit elementor-position-top elementor-vertical-align-top elementor-widget elementor-widget-image-box\" data-id=\"bf3523d\" data-element_type=\"widget\" data-widget_type=\"image-box.default\">\n\t\t\t\t<div class=\"elementor-widget-container\">\n\t\t\t<div class=\"elementor-image-box-wrapper\"><figure class=\"elementor-image-box-img\"><a href=\"http:\/\/vigsaude.ensp.fiocruz.br\/index.php\/64-2\/\"><img decoding=\"async\" loading=\"lazy\" width=\"605\" height=\"400\" src=\"http:\/\/vigsaude.ensp.fiocruz.br\/wp-content\/uploads\/2023\/08\/logo-3.png\" class=\"elementor-animation-grow attachment-full size-full wp-image-338\" alt=\"\" \/><\/a><\/figure><div class=\"elementor-image-box-content\"><h4 class=\"elementor-image-box-title\"><a href=\"http:\/\/vigsaude.ensp.fiocruz.br\/index.php\/64-2\/\">Entenda o aplicativo<\/a><\/h4><\/div><\/div>\t\t<\/div>\n\t\t\t\t<\/div>\n\t\t\t\t\t<\/div>\n\t\t<\/div>\n\t\t\t\t<div class=\"elementor-column elementor-col-25 elementor-top-column elementor-element elementor-element-e89ea95\" data-id=\"e89ea95\" data-element_type=\"column\">\n\t\t\t<div class=\"elementor-widget-wrap elementor-element-populated\">\n\t\t\t\t\t\t\t\t<div class=\"elementor-element elementor-element-945e758 elementor-widget__width-inherit elementor-position-top elementor-vertical-align-top elementor-widget elementor-widget-image-box\" data-id=\"945e758\" data-element_type=\"widget\" data-widget_type=\"image-box.default\">\n\t\t\t\t<div class=\"elementor-widget-container\">\n\t\t\t<div class=\"elementor-image-box-wrapper\"><figure class=\"elementor-image-box-img\"><a href=\"http:\/\/vigsaude.ensp.fiocruz.br\/index.php\/eventos\/\"><img decoding=\"async\" loading=\"lazy\" width=\"1080\" height=\"720\" src=\"http:\/\/vigsaude.ensp.fiocruz.br\/wp-content\/uploads\/2023\/07\/apresentacao.png\" class=\"elementor-animation-grow attachment-full size-full wp-image-59\" alt=\"\" \/><\/a><\/figure><div class=\"elementor-image-box-content\"><h4 class=\"elementor-image-box-title\"><a href=\"http:\/\/vigsaude.ensp.fiocruz.br\/index.php\/eventos\/\">Eventos<\/a><\/h4><\/div><\/div>\t\t<\/div>\n\t\t\t\t<\/div>\n\t\t\t\t\t<\/div>\n\t\t<\/div>\n\t\t\t\t<div class=\"elementor-column elementor-col-25 elementor-top-column elementor-element elementor-element-927e85d\" data-id=\"927e85d\" data-element_type=\"column\">\n\t\t\t<div class=\"elementor-widget-wrap elementor-element-populated\">\n\t\t\t\t\t\t\t\t<div class=\"elementor-element elementor-element-f4820be elementor-widget__width-inherit elementor-position-top elementor-vertical-align-top elementor-widget elementor-widget-image-box\" data-id=\"f4820be\" data-element_type=\"widget\" data-widget_type=\"image-box.default\">\n\t\t\t\t<div class=\"elementor-widget-container\">\n\t\t\t<div class=\"elementor-image-box-wrapper\"><figure class=\"elementor-image-box-img\"><a href=\"http:\/\/vigsaude.ensp.fiocruz.br\/index.php\/elementor-174\/\"><img decoding=\"async\" loading=\"lazy\" width=\"1080\" height=\"720\" src=\"http:\/\/vigsaude.ensp.fiocruz.br\/wp-content\/uploads\/2023\/07\/artigos.png\" class=\"elementor-animation-grow attachment-full size-full wp-image-60\" alt=\"\" \/><\/a><\/figure><div class=\"elementor-image-box-content\"><h4 class=\"elementor-image-box-title\"><a href=\"http:\/\/vigsaude.ensp.fiocruz.br\/index.php\/elementor-174\/\">Publica\u00e7\u00f5es<\/a><\/h4><\/div><\/div>\t\t<\/div>\n\t\t\t\t<\/div>\n\t\t\t\t\t<\/div>\n\t\t<\/div>\n\t\t\t\t\t\t\t<\/div>\n\t\t<\/section>\n\t\t\t\t\t\t\t<\/div>\n\t\t","protected":false},"excerpt":{"rendered":"<p>Conhe\u00e7a o Aplicativo Sobre o projeto Entenda o aplicativo Eventos Publica\u00e7\u00f5es<\/p>\n","protected":false},"author":1,"featured_media":0,"parent":0,"menu_order":0,"comment_status":"closed","ping_status":"closed","template":"page-templates\/template-pagebuilder-full-width.php","meta":{"footnotes":""},"_links":{"self":[{"href":"http:\/\/vigsaude.ensp.fiocruz.br\/index.php\/wp-json\/wp\/v2\/pages\/38"}],"collection":[{"href":"http:\/\/vigsaude.ensp.fiocruz.br\/index.php\/wp-json\/wp\/v2\/pages"}],"about":[{"href":"http:\/\/vigsaude.ensp.fiocruz.br\/index.php\/wp-json\/wp\/v2\/types\/page"}],"author":[{"embeddable":true,"href":"http:\/\/vigsaude.ensp.fiocruz.br\/index.php\/wp-json\/wp\/v2\/users\/1"}],"replies":[{"embeddable":true,"href":"http:\/\/vigsaude.ensp.fiocruz.br\/index.php\/wp-json\/wp\/v2\/comments?post=38"}],"version-history":[{"count":21,"href":"http:\/\/vigsaude.ensp.fiocruz.br\/index.php\/wp-json\/wp\/v2\/pages\/38\/revisions"}],"predecessor-version":[{"id":467,"href":"http:\/\/vigsaude.ensp.fiocruz.br\/index.php\/wp-json\/wp\/v2\/pages\/38\/revisions\/467"}],"wp:attachment":[{"href":"http:\/\/vigsaude.ensp.fiocruz.br\/index.php\/wp-json\/wp\/v2\/media?parent=38"}],"curies":[{"name":"wp","href":"https:\/\/api.w.org\/{rel}","templated":true}]}}