{"id":84,"date":"2023-07-27T10:52:56","date_gmt":"2023-07-27T13:52:56","guid":{"rendered":"http:\/\/localhost:7823\/vigsaude\/?page_id=84"},"modified":"2023-11-13T10:53:30","modified_gmt":"2023-11-13T13:53:30","slug":"questionario","status":"publish","type":"page","link":"http:\/\/vigsaude.ensp.fiocruz.br\/index.php\/questionario\/","title":{"rendered":"Questionario Desktop"},"content":{"rendered":"\t\t<div data-elementor-type=\"wp-page\" data-elementor-id=\"84\" class=\"elementor elementor-84\">\n\t\t\t\t\t\t\t\t\t<section class=\"elementor-section elementor-top-section elementor-element elementor-element-189bcf81 elementor-section-boxed elementor-section-height-default elementor-section-height-default\" data-id=\"189bcf81\" data-element_type=\"section\">\n\t\t\t\t\t\t<div class=\"elementor-container elementor-column-gap-default\">\n\t\t\t\t\t<div class=\"elementor-column elementor-col-100 elementor-top-column elementor-element elementor-element-18d12704\" data-id=\"18d12704\" data-element_type=\"column\">\n\t\t\t<div class=\"elementor-widget-wrap elementor-element-populated\">\n\t\t\t\t\t\t\t\t<div class=\"elementor-element elementor-element-116b1a54 elementor-widget elementor-widget-text-editor\" data-id=\"116b1a54\" data-element_type=\"widget\" data-widget_type=\"text-editor.default\">\n\t\t\t\t<div class=\"elementor-widget-container\">\n\t\t\t<style>\/*! elementor - v3.14.0 - 26-06-2023 *\/\n.elementor-widget-text-editor.elementor-drop-cap-view-stacked .elementor-drop-cap{background-color:#69727d;color:#fff}.elementor-widget-text-editor.elementor-drop-cap-view-framed .elementor-drop-cap{color:#69727d;border:3px solid;background-color:transparent}.elementor-widget-text-editor:not(.elementor-drop-cap-view-default) .elementor-drop-cap{margin-top:8px}.elementor-widget-text-editor:not(.elementor-drop-cap-view-default) .elementor-drop-cap-letter{width:1em;height:1em}.elementor-widget-text-editor .elementor-drop-cap{float:left;text-align:center;line-height:1;font-size:50px}.elementor-widget-text-editor .elementor-drop-cap-letter{display:inline-block}<\/style>\t\t\t\t<p><!-- wp:paragraph --><\/p>\n<p style=\"text-align: justify;\">O aplicativo Infosa\u00fade permite os usu\u00e1rios criarem e utilizarem v\u00e1rios tipos de question\u00e1rios mediante os atendimentos que ser\u00e3o realizados, podendo formatar as perguntas que s\u00e3o feitas de acordo com a prefer\u00eancia escolhida. Para isso \u00e9 necess\u00e1rio escolher a op\u00e7\u00e3o &#8220;<strong>Atendimento<\/strong>&#8221; dentro do aplicativo, acessando o question\u00e1rio pelo &#8220;<strong>Protocolo<\/strong>&#8220;e logo ap\u00f3s selecionando o question\u00e1rio que deseja utilizar e clicando em &#8220;<strong>selecionar<\/strong>&#8220;, seguem os exemplos abaixo:<\/p>\n<p><!-- \/wp:paragraph --><\/p>\n<p><!-- wp:paragraph --><\/p>\n<p>1 &#8211; Atendimento<\/p>\n<p><!-- \/wp:paragraph --><\/p>\n<p><!-- wp:image {\"id\":501,\"width\":840,\"height\":387,\"sizeSlug\":\"large\",\"linkDestination\":\"none\"} --><\/p>\n<figure class=\"wp-block-image size-large is-resized\"><img decoding=\"async\" loading=\"lazy\" src=\"http:\/\/vigsaude.ensp.fiocruz.br\/wp-content\/uploads\/2023\/11\/utiliza-quest-1-1024x473.png\" alt=\"\" class=\"wp-image-501\" style=\"width: 840px; height: 387px;\" width=\"840\" height=\"387\" srcset=\"http:\/\/vigsaude.ensp.fiocruz.br\/wp-content\/uploads\/2023\/11\/utiliza-quest-1-1024x473.png 1024w, http:\/\/vigsaude.ensp.fiocruz.br\/wp-content\/uploads\/2023\/11\/utiliza-quest-1-300x139.png 300w, http:\/\/vigsaude.ensp.fiocruz.br\/wp-content\/uploads\/2023\/11\/utiliza-quest-1-768x355.png 768w, http:\/\/vigsaude.ensp.fiocruz.br\/wp-content\/uploads\/2023\/11\/utiliza-quest-1.png 1347w\" sizes=\"(max-width: 840px) 100vw, 840px\" \/><\/figure>\n<p><!-- \/wp:image --><\/p>\n<p><!-- wp:spacer {\"height\":\"25px\"} --><\/p>\n<div style=\"height: 25px;\" aria-hidden=\"true\" class=\"wp-block-spacer\"><\/div>\n<p><!-- \/wp:spacer --><\/p>\n<p><!-- wp:paragraph --><\/p>\n<p>2 &#8211; Question\u00e1rio<\/p>\n<p><!-- \/wp:paragraph --><\/p>\n<p><!-- wp:image {\"id\":499,\"width\":840,\"height\":600,\"sizeSlug\":\"full\",\"linkDestination\":\"none\"} --><\/p>\n<figure class=\"wp-block-image size-full is-resized\"><img decoding=\"async\" loading=\"lazy\" src=\"http:\/\/vigsaude.ensp.fiocruz.br\/wp-content\/uploads\/2023\/11\/questionario.png\" alt=\"\" class=\"wp-image-499\" style=\"width: 840px; height: 600px;\" width=\"840\" height=\"600\" srcset=\"http:\/\/vigsaude.ensp.fiocruz.br\/wp-content\/uploads\/2023\/11\/questionario.png 1024w, http:\/\/vigsaude.ensp.fiocruz.br\/wp-content\/uploads\/2023\/11\/questionario-300x214.png 300w, http:\/\/vigsaude.ensp.fiocruz.br\/wp-content\/uploads\/2023\/11\/questionario-768x549.png 768w\" sizes=\"(max-width: 840px) 100vw, 840px\" \/><\/figure>\n<p><!-- \/wp:image --><\/p>\n<p><!-- wp:spacer {\"height\":\"25px\"} --><\/p>\n<div style=\"height: 25px;\" aria-hidden=\"true\" class=\"wp-block-spacer\"><\/div>\n<p><!-- \/wp:spacer --><\/p>\n<p><!-- wp:paragraph --><\/p>\n<p style=\"text-align: justify;\">3 &#8211; Hist\u00f3rico de resposta ao question\u00e1rio selecionado referente ao usu\u00e1rio escolhido<\/p>\n<p><!-- \/wp:paragraph --><\/p>\n<p><!-- wp:image {\"id\":500,\"sizeSlug\":\"full\",\"linkDestination\":\"none\"} --><\/p>\n<figure class=\"wp-block-image size-full\"><img decoding=\"async\" loading=\"lazy\" width=\"1024\" height=\"432\" src=\"http:\/\/vigsaude.ensp.fiocruz.br\/wp-content\/uploads\/2023\/11\/utiliza-quest-2.png\" alt=\"\" class=\"wp-image-500\" srcset=\"http:\/\/vigsaude.ensp.fiocruz.br\/wp-content\/uploads\/2023\/11\/utiliza-quest-2.png 1024w, http:\/\/vigsaude.ensp.fiocruz.br\/wp-content\/uploads\/2023\/11\/utiliza-quest-2-300x127.png 300w, http:\/\/vigsaude.ensp.fiocruz.br\/wp-content\/uploads\/2023\/11\/utiliza-quest-2-768x324.png 768w\" sizes=\"(max-width: 1024px) 100vw, 1024px\" \/><\/figure>\n<p><!-- \/wp:image --><\/p>\n<p><!-- wp:spacer {\"height\":\"25px\"} --><\/p>\n<div style=\"height: 25px;\" aria-hidden=\"true\" class=\"wp-block-spacer\"><\/div>\n<p><!-- \/wp:spacer --><\/p>\n<p><!-- wp:paragraph --><\/p>\n<p>4 &#8211; V\u00eddeo demonstrativo para Utiliza\u00e7\u00e3o dos Question\u00e1rios<\/p>\n<p><!-- \/wp:spacer --><\/p>\t\t\t\t\t\t<\/div>\n\t\t\t\t<\/div>\n\t\t\t\t<div class=\"elementor-element elementor-element-c570339 elementor-widget elementor-widget-video\" data-id=\"c570339\" data-element_type=\"widget\" data-settings=\"{&quot;youtube_url&quot;:&quot;https:\\\/\\\/youtu.be\\\/t4fLZ9RwCWM&quot;,&quot;video_type&quot;:&quot;youtube&quot;,&quot;controls&quot;:&quot;yes&quot;}\" data-widget_type=\"video.default\">\n\t\t\t\t<div class=\"elementor-widget-container\">\n\t\t\t<style>\/*! elementor - v3.14.0 - 26-06-2023 *\/\n.elementor-widget-video .elementor-widget-container{overflow:hidden;transform:translateZ(0)}.elementor-widget-video .elementor-wrapper{aspect-ratio:var(--video-aspect-ratio)}.elementor-widget-video .elementor-wrapper iframe,.elementor-widget-video .elementor-wrapper video{height:100%;width:100%;display:flex;border:none;background-color:#000}@supports not (aspect-ratio:1\/1){.elementor-widget-video .elementor-wrapper{position:relative;overflow:hidden;height:0;padding-bottom:calc(100% \/ var(--video-aspect-ratio))}.elementor-widget-video .elementor-wrapper iframe,.elementor-widget-video .elementor-wrapper video{position:absolute;top:0;right:0;bottom:0;left:0}}.elementor-widget-video .elementor-open-inline .elementor-custom-embed-image-overlay{position:absolute;top:0;left:0;width:100%;height:100%;background-size:cover;background-position:50%}.elementor-widget-video .elementor-custom-embed-image-overlay{cursor:pointer;text-align:center}.elementor-widget-video .elementor-custom-embed-image-overlay:hover .elementor-custom-embed-play i{opacity:1}.elementor-widget-video .elementor-custom-embed-image-overlay img{display:block;width:100%}.elementor-widget-video .e-hosted-video .elementor-video{-o-object-fit:cover;object-fit:cover}.e-con-inner>.elementor-widget-video,.e-con>.elementor-widget-video{width:var(--container-widget-width);--flex-grow:var(--container-widget-flex-grow)}<\/style>\t\t<div class=\"elementor-wrapper elementor-open-inline\">\n\t\t\t<div class=\"elementor-video\"><\/div>\t\t<\/div>\n\t\t\t\t<\/div>\n\t\t\t\t<\/div>\n\t\t\t\t\t<\/div>\n\t\t<\/div>\n\t\t\t\t\t\t\t<\/div>\n\t\t<\/section>\n\t\t\t\t<section class=\"elementor-section elementor-top-section elementor-element elementor-element-2545d50 elementor-section-boxed elementor-section-height-default elementor-section-height-default\" data-id=\"2545d50\" data-element_type=\"section\">\n\t\t\t\t\t\t<div class=\"elementor-container elementor-column-gap-default\">\n\t\t\t\t\t<div class=\"elementor-column elementor-col-100 elementor-top-column elementor-element elementor-element-bfb6e30\" data-id=\"bfb6e30\" data-element_type=\"column\">\n\t\t\t<div class=\"elementor-widget-wrap elementor-element-populated\">\n\t\t\t\t\t\t\t\t<div class=\"elementor-element elementor-element-db58f1f elementor-widget elementor-widget-spacer\" data-id=\"db58f1f\" data-element_type=\"widget\" data-widget_type=\"spacer.default\">\n\t\t\t\t<div class=\"elementor-widget-container\">\n\t\t\t<style>\/*! elementor - v3.14.0 - 26-06-2023 *\/\n.elementor-column .elementor-spacer-inner{height:var(--spacer-size)}.e-con{--container-widget-width:100%}.e-con-inner>.elementor-widget-spacer,.e-con>.elementor-widget-spacer{width:var(--container-widget-width,var(--spacer-size));--align-self:var(--container-widget-align-self,initial);--flex-shrink:0}.e-con-inner>.elementor-widget-spacer>.elementor-widget-container,.e-con-inner>.elementor-widget-spacer>.elementor-widget-container>.elementor-spacer,.e-con>.elementor-widget-spacer>.elementor-widget-container,.e-con>.elementor-widget-spacer>.elementor-widget-container>.elementor-spacer{height:100%}.e-con-inner>.elementor-widget-spacer>.elementor-widget-container>.elementor-spacer>.elementor-spacer-inner,.e-con>.elementor-widget-spacer>.elementor-widget-container>.elementor-spacer>.elementor-spacer-inner{height:var(--container-widget-height,var(--spacer-size))}<\/style>\t\t<div class=\"elementor-spacer\">\n\t\t\t<div class=\"elementor-spacer-inner\"><\/div>\n\t\t<\/div>\n\t\t\t\t<\/div>\n\t\t\t\t<\/div>\n\t\t\t\t\t<\/div>\n\t\t<\/div>\n\t\t\t\t\t\t\t<\/div>\n\t\t<\/section>\n\t\t\t\t\t\t\t<\/div>\n\t\t","protected":false},"excerpt":{"rendered":"<p>O aplicativo Infosa\u00fade permite os usu\u00e1rios criarem e utilizarem v\u00e1rios tipos de question\u00e1rios mediante os atendimentos que ser\u00e3o realizados, podendo formatar as perguntas que s\u00e3o feitas de acordo com a prefer\u00eancia escolhida. Para isso \u00e9 necess\u00e1rio escolher a op\u00e7\u00e3o &#8220;Atendimento&#8221; dentro do aplicativo, acessando o question\u00e1rio pelo &#8220;Protocolo&#8220;e logo ap\u00f3s [&hellip;]<\/p>\n","protected":false},"author":1,"featured_media":0,"parent":0,"menu_order":0,"comment_status":"closed","ping_status":"closed","template":"","meta":{"footnotes":""},"_links":{"self":[{"href":"http:\/\/vigsaude.ensp.fiocruz.br\/index.php\/wp-json\/wp\/v2\/pages\/84"}],"collection":[{"href":"http:\/\/vigsaude.ensp.fiocruz.br\/index.php\/wp-json\/wp\/v2\/pages"}],"about":[{"href":"http:\/\/vigsaude.ensp.fiocruz.br\/index.php\/wp-json\/wp\/v2\/types\/page"}],"author":[{"embeddable":true,"href":"http:\/\/vigsaude.ensp.fiocruz.br\/index.php\/wp-json\/wp\/v2\/users\/1"}],"replies":[{"embeddable":true,"href":"http:\/\/vigsaude.ensp.fiocruz.br\/index.php\/wp-json\/wp\/v2\/comments?post=84"}],"version-history":[{"count":9,"href":"http:\/\/vigsaude.ensp.fiocruz.br\/index.php\/wp-json\/wp\/v2\/pages\/84\/revisions"}],"predecessor-version":[{"id":546,"href":"http:\/\/vigsaude.ensp.fiocruz.br\/index.php\/wp-json\/wp\/v2\/pages\/84\/revisions\/546"}],"wp:attachment":[{"href":"http:\/\/vigsaude.ensp.fiocruz.br\/index.php\/wp-json\/wp\/v2\/media?parent=84"}],"curies":[{"name":"wp","href":"https:\/\/api.w.org\/{rel}","templated":true}]}}